{"id":1146,"date":"2018-11-16T15:28:41","date_gmt":"2018-11-16T15:28:41","guid":{"rendered":"https:\/\/the7.io\/g-business\/?page_id=1146"},"modified":"2022-03-14T09:13:45","modified_gmt":"2022-03-14T08:13:45","slug":"obrazci-dokumenti","status":"publish","type":"page","link":"https:\/\/www.las-stik.si\/programsko-obdobje-2014-2020\/obrazci-dokumenti\/","title":{"rendered":"Obrazci in dokumenti"},"content":{"rendered":"<div class=\"wpb-content-wrapper\"><p>[vc_row][vc_column css=&#8221;.vc_custom_1560778504731{padding-bottom: 30px !important;}&#8221;][vc_column_text css=&#8221;.vc_custom_1647245636283{padding-bottom: 30px !important;}&#8221;]<\/p>\n<h1><strong>Obrazci<\/strong><\/h1>\n<p><strong>PRIPRAVA SLR LAS STIK<\/strong><\/p>\n<ul>\n<li><a href=\"https:\/\/www.las-stik.si\/programsko-obdobje-2014-2020\/wp-content\/uploads\/2015\/09\/projektni-obrazec-LAS-STIK.pdf\" target=\"_blank\" rel=\"noopener\">Projektni obrazec<\/a><\/li>\n<\/ul>\n<p><strong>\u010cLANSTVO V LAS STIK<\/strong><\/p>\n<ul>\n<li><a href=\"https:\/\/www.las-stik.si\/programsko-obdobje-2014-2020\/wp-content\/uploads\/2015\/09\/Pristopna_izjava_za_clanstvo_v_LAS_STIK.doc\" target=\"_blank\" rel=\"noopener\">Pristopna izjava<\/a><\/li>\n<\/ul>\n<p>&nbsp;<\/p>\n<p><strong>IZVAJANJE OPERACIJ \u2013 EKSRP<\/strong><\/p>\n<ul>\n<li>Navodila za dolo\u010danje in preverjanje tipov stro\u0161kov v okviru pristopa CLLD (sklad EKSRP in sklad ESPR), \u0161t. dokumenta 3312-43\/2016\/1 z dne 30.11.2016 (<a href=\"https:\/\/www.las-stik.si\/programsko-obdobje-2014-2020\/wp-content\/uploads\/2015\/09\/Navodila_za_upravicene_stroske_CLLD_1_30_11_2016.pdf\" target=\"_blank\" rel=\"noopener\">pdf<\/a>,\u00a0<a href=\"https:\/\/www.las-stik.si\/programsko-obdobje-2014-2020\/wp-content\/uploads\/2015\/09\/Navodila_za_upravicene_stroske_CLLD.doc\" target=\"_blank\" rel=\"noopener\">word<\/a>)<\/li>\n<li><a href=\"https:\/\/www.program-podezelja.si\/images\/SPLETNA_STRAN_PRP_NOVA\/1_PRP_2014-2020\/1_2_Ukrepi_in_podukrepi_PRP_2014-2020\/19_Podpora_za_lokalni_razvoj_v_okviru_pobude_LEADER\/Navodila_za_upravi%C4%8Dene_stro%C5%A1ke_CLLD.pdf\" target=\"_blank\" rel=\"noopener\">Navodila za dolo\u010danje in preverjanje tipov stro\u0161kov v okviru pristopa CLLD (sklad EKSRP in sklad ESPR), \u0161t. dokumenta 3312-43\/2016\/53 z dne 2.2.2018<\/a>,\u00a0Priloga: <a href=\"https:\/\/www.las-stik.si\/programsko-obdobje-2014-2020\/wp-content\/uploads\/2021\/11\/KopijaPRILOGA_2_casovnica_19.2_19.3_popravek_formule.xls\" target=\"_blank\" rel=\"noopener\">\u010casovnica za podukrepa 19.2 in 19.3<\/a><\/li>\n<li><strong>PRISPEVEK V NARAVI<\/strong>:\u00a0<a href=\"https:\/\/www.las-stik.si\/programsko-obdobje-2014-2020\/wp-content\/uploads\/2015\/09\/Izjava_o_prispevku_v_naravi.doc\" target=\"_blank\" rel=\"noopener\">Izjava o prispevku v naravi<\/a>,\u00a0<a href=\"https:\/\/www.las-stik.si\/programsko-obdobje-2014-2020\/wp-content\/uploads\/2015\/09\/asovnica_o_opravljenem_delu_prispevek_v_naravi.doc\" target=\"_blank\" rel=\"noopener\">\u010casovnica o opravljenem delu<\/a><\/li>\n<li><a href=\"http:\/\/pisrs.si\/Pis.web\/pregledPredpisa?id=PRAV13563\">Pravilnik o ozna\u010devanju vira sofinanciranja iz Programa razvoja pode\u017eelja Republike Slovenije za obdobje 2014\u20132020<\/a><\/li>\n<li><a href=\"https:\/\/www.las-stik.si\/programsko-obdobje-2014-2020\/wp-content\/uploads\/2015\/09\/Lista_prisotnosti.doc\" target=\"_blank\" rel=\"noopener\">Lista prisotnosti<\/a><\/li>\n<\/ul>\n<p>&nbsp;<\/p>\n<p><strong>IZVAJANJE OPERACIJ \u2013 ESRR:<\/strong><\/p>\n<p>\u2022\u00a0<a href=\"https:\/\/www.eu-skladi.si\/sl\/dokumenti\/navodila\/nus_verzija-1-10_april20.pdf\" target=\"_blank\" rel=\"noopener\">Navodila organa upravljanja o upravi\u010denih stro\u0161kih za sredstev evropske kohezijske politike v obdobju 2014-2020<\/a>\u00a0\u2013 <strong>POSODOBLJENA VERZIJA APRIL 2020<\/strong><br \/>\n\u2022\u00a0<a href=\"http:\/\/www.eu-skladi.si\/sl\/dokumenti\/navodila\/nus_cistopis_verzija-1-04.pdf\" target=\"_blank\" rel=\"noopener\">Navodila organa upravljanja o upravi\u010denih stro\u0161kih za sredstev evropske kohezijske politike v obdobju 2014-2020<\/a><br \/>\n\u2022\u00a0<a href=\"https:\/\/www.las-stik.si\/programsko-obdobje-2014-2020\/wp-content\/uploads\/2015\/09\/19_2_MGRT_casovnica.xlsx\" target=\"_blank\" rel=\"noopener\">\u010casovnica za podukrep 19.2.<\/a><br \/>\n\u2022\u00a0<a href=\"http:\/\/www.eu-skladi.si\/sl\/dokumenti\/navodila\/navodila-za-komuniciranje-vsebin-2014-2020-1-sprememba.pdf\" target=\"_blank\" rel=\"noopener\">Navodila organa upravljanja na podro\u010dju komuniciranja vsebin kohezijske politike v programskem obdobju 2014-2020<\/a><br \/>\n\u2022\u00a0<a href=\"https:\/\/www.las-stik.si\/programsko-obdobje-2014-2020\/wp-content\/uploads\/2022\/03\/Lista-prisotnosti-projekta-ESRR.doc\" target=\"_blank\" rel=\"noopener\">Lista prisotnosti<\/a><\/p>\n<p>&nbsp;<\/p>\n<p><strong>LOGOTIPI<\/strong><\/p>\n<ul>\n<li><a href=\"https:\/\/www.las-stik.si\/programsko-obdobje-2014-2020\/wp-content\/uploads\/2015\/09\/PRP-LEADER-EU-SLO-barvni-scaled.jpg\" target=\"_blank\" rel=\"noopener\">Logotip LEADER (barvni)<\/a><\/li>\n<li><a href=\"https:\/\/www.las-stik.si\/programsko-obdobje-2014-2020\/wp-content\/uploads\/2015\/09\/PRP-LEADER-EU-SLO-sivinsko-scaled.jpg\" target=\"_blank\" rel=\"noopener\">Logotip LEADER (\u010drno beli)<\/a><\/li>\n<li><a href=\"https:\/\/www.las-stik.si\/programsko-obdobje-2014-2020\/wp-content\/uploads\/2015\/09\/Logo_EKP_sklad_za_regionalni_razvoj_SLO.jpg\" target=\"_blank\" rel=\"noopener\">Logotip ESRR_jpg (barvni)<\/a><\/li>\n<li><a href=\"https:\/\/www.las-stik.si\/programsko-obdobje-2014-2020\/wp-content\/uploads\/2015\/09\/Logo_EKP_sklad_za_regionalni_razvoj_SLO.pdf\" target=\"_blank\" rel=\"noopener\">Logotip ESRR_pdf (barvni in \u010drno beli)<\/a><\/li>\n<li><a href=\"https:\/\/www.las-stik.si\/programsko-obdobje-2014-2020\/wp-content\/uploads\/2015\/09\/LOGOTIP_LAS_STIK.jpg\" target=\"_blank\" rel=\"noopener\">Logotip LAS STIK_jpg<\/a><\/li>\n<\/ul>\n<p>[\/vc_column_text][vc_separator style=&#8221;shadow&#8221; border_width=&#8221;5&#8243;][vc_column_text css=&#8221;.vc_custom_1617779427416{padding-bottom: 30px !important;}&#8221;]<\/p>\n<h1><strong>Dokumenti<\/strong><\/h1>\n<p><strong>Horizontalni nacionalni dokumenti:<\/strong><\/p>\n<p>\u2022\u00a0<a href=\"http:\/\/www.program-podezelja.si\/images\/SPLETNA_STRAN_PRP_NOVA\/6_Infoteka\/Slovar_pojmov\/Partnerski_sporazum_koncna_potrjena_141028.pdf\" target=\"_blank\" rel=\"noopener\">Partnerski sporazum med Slovenijo in Evropsko komisijo 2014-2020<\/a><\/p>\n<p>\u2022\u00a0<a href=\"http:\/\/www.uradni-list.si\/1\/objava.jsp?sop=2015-01-1759\" target=\"_blank\" rel=\"noopener\">Uredba o izvajanju lokalnega razvoja, ki ga vodi skupnost, v programskem obdobju 2014\u20132020 (Uradni list RS, \u0161t. 42\/15)<\/a><\/p>\n<p>\u2022\u00a0<a href=\"http:\/\/www.uradni-list.si\/1\/objava.jsp?sop=2016-01-1168\" target=\"_blank\" rel=\"noopener\">Uredba o spremembah in dopolnitvah uredbe o izvajanju lokalnega razvoja, ki ga vodi skupnost v programskem obdobju 2014-2020 (Uradni list RS, \u0161t. 28\/2016)<\/a><\/p>\n<p>\u2022\u00a0<a href=\"http:\/\/www.svrk.gov.si\/si\/delovna_podrocja\/evropska_kohezijska_politika\/ekp_2014_2020\/strategija_pametne_specializacije_s4\/\" target=\"_blank\" rel=\"noopener\">Strategija pametne specializacije<\/a><\/p>\n<p><strong><br \/>\nEvropska kmetijska politika (sklad EKSRP)<\/strong><\/p>\n<p>\u2022\u00a0<a href=\"http:\/\/www.program-podezelja.si\/sl\/prp-2014-2020\/kaj-je-program-razvoja-podezelja-2014-2020\" target=\"_blank\" rel=\"noopener\">Program razvoja pode\u017eelja RS za obdobje 2014-2020<\/a><\/p>\n<p>\u2022\u00a0<a href=\"http:\/\/www.program-podezelja.si\/sl\/prp-2014-2020\/ukrepi-in-podukrepi-prp-2014-2020\/m19-podpora-za-lokalni-razvoj-v-okviru-pobude-leader\" target=\"_blank\" rel=\"noopener\">PRP 14 \u2013 20: M19 \u2013 Podpora za lokalni razvoj v okviru pobude LEADER (lokalni razvoj, ki ga vodi skupnost)<\/a><\/p>\n<p>\u2022\u00a0<a href=\"http:\/\/www.program-podezelja.si\/images\/SPLETNA_STRAN_PRP_NOVA\/1_PRP_2014-2020\/1_1_Kaj_je_program_razvoja_pode%C5%BEelja\/Merila_za_izbor_31.7.2015.pdf\" target=\"_blank\" rel=\"noopener\">Merila za izbor operacij v okviru PRP 2014\u20132020, MKGP, julij 2015<\/a><\/p>\n<p>\u2022\u00a0<a href=\"http:\/\/www.program-podezelja.si\/sl\/knjiznica\/31-program-razvoja-podezelja-rs-2014-2020-osnovne-informacije-o-ukrepih-brosura\/file\" target=\"_blank\" rel=\"noopener\">Bro\u0161ura o ukrepih PRP 2014-2020, osnovne informacije o ukrepih, MKGP, avgust 2015<\/a><\/p>\n<p><strong><br \/>\nEvropska kohezijska politika (sklad ESRR)<\/strong><\/p>\n<p>\u2022\u00a0<a href=\"http:\/\/www.eu-skladi.si\/kohezija-do-2013\/ostalo\/operativni-programi\/op-2014-2020-december-konni\" target=\"_blank\" rel=\"noopener\">Operativni program za izvajanje kohezijske politike v programskem obdobju 2014-2020<\/a><\/p>\n<p>\u2022\u00a0<a href=\"https:\/\/www.las-stik.si\/programsko-obdobje-2014-2020\/wp-content\/uploads\/2015\/09\/9_navodila-ou-o-upravicenih-str.pdf\" target=\"_blank\" rel=\"noopener\">Navodila organa upravljanja o upravi\u010denih stro\u0161kih za sredstev evropske kohezijske politike v obdobju 2014-2020<\/a><\/p>\n<p>\u2022\u00a0<a href=\"http:\/\/www.eu-skladi.si\/sl\/dokumenti\/navodila\/navodila-za-komuniciranje-vsebin-2014-2020-1-sprememba.pdf\" target=\"_blank\" rel=\"noopener\">Navodila organa upravljanja na podro\u010dju komuniciranja vsebin evropske kohezijske politike v programskem obdobju 2014-2020<\/a><\/p>\n<p><strong><br \/>\nDrugi dokumenti:<\/strong><\/p>\n<p>\u2022 Prakti\u010dno vodnik za ljudi, ki bogatijo varovana obmo\u010dja in ohranjajo tradicijo\u00a0<a href=\"https:\/\/www.las-stik.si\/programsko-obdobje-2014-2020\/wp-content\/uploads\/2015\/09\/Prirocnik_varovana_obmocja_splet.pdf\" target=\"_blank\" rel=\"noopener\">(e-priro\u010dnik)<\/a><br \/>\n\u2022 Prakti\u010dno vodnik za ljudi, ki bogatijo varovana obmo\u010dja in ohranjajo tradicijo<a href=\"https:\/\/www.las-stik.si\/programsko-obdobje-2014-2020\/wp-content\/uploads\/2015\/09\/Zlozenka_varovana_obmocja_splet.pdf\" target=\"_blank\" rel=\"noopener\">\u00a0(zlo\u017eenka)<\/a><\/p>\n<p>\u2022\u00a0<a href=\"http:\/\/www.mkgp.gov.si\/fileadmin\/mkgp.gov.si\/pageuploads\/Javni_razpisi\/2015\/M19_lokalna_partnerstva\/Smernice_SLR.pdf\" target=\"_blank\" rel=\"noopener\">Smernice za pripravo strategij lokalnega razvoja v okviru Lokalnega razvoja, ki ga vodi Skupnost v programskem obdobju 2014\u20132020, MKGP, junij 2015<\/a><\/p>\n<p>\u2022\u00a0<a href=\"http:\/\/ec.europa.eu\/regional_policy\/sources\/docgener\/informat\/2014\/guidance_clld_local_actors_sl.pdf\" target=\"_blank\" rel=\"noopener\">Navodila za lokalne akterje o lokalnem razvoju, ki ga vodi skupnost, Evropska komisija, avgust 2014<\/a><\/p>\n<p>\u2022\u00a0<a href=\"http:\/\/www.eu-skladi.si\/sl\/dokumenti\/navodila\/smernice-za-prejemnike-sredstev.pdf\" target=\"_blank\" rel=\"noopener\">Smernice za prejemnike sredstev iz evropskih strukturnih in investicijskih skladov ter s tem povezanih instrumentov EU, 2014<\/a>[\/vc_column_text][\/vc_column][\/vc_row]<\/p>\n<\/div>","protected":false},"excerpt":{"rendered":"<p>[vc_row][vc_column css=&#8221;.vc_custom_1560778504731{padding-bottom: 30px !important;}&#8221;][vc_column_text css=&#8221;.vc_custom_1647245636283{padding-bottom: 30px !important;}&#8221;] Obrazci PRIPRAVA SLR LAS STIK Projektni obrazec \u010cLANSTVO V LAS STIK Pristopna izjava &nbsp; IZVAJANJE OPERACIJ \u2013 EKSRP Navodila za dolo\u010danje in preverjanje tipov stro\u0161kov v okviru pristopa CLLD (sklad EKSRP in sklad ESPR), \u0161t. dokumenta 3312-43\/2016\/1 z dne 30.11.2016 (pdf,\u00a0word) Navodila za dolo\u010danje in preverjanje tipov stro\u0161kov&hellip;<\/p>\n","protected":false},"author":1,"featured_media":0,"parent":0,"menu_order":1,"comment_status":"closed","ping_status":"closed","template":"","meta":{"footnotes":""},"_links":{"self":[{"href":"https:\/\/www.las-stik.si\/programsko-obdobje-2014-2020\/wp-json\/wp\/v2\/pages\/1146"}],"collection":[{"href":"https:\/\/www.las-stik.si\/programsko-obdobje-2014-2020\/wp-json\/wp\/v2\/pages"}],"about":[{"href":"https:\/\/www.las-stik.si\/programsko-obdobje-2014-2020\/wp-json\/wp\/v2\/types\/page"}],"author":[{"embeddable":true,"href":"https:\/\/www.las-stik.si\/programsko-obdobje-2014-2020\/wp-json\/wp\/v2\/users\/1"}],"replies":[{"embeddable":true,"href":"https:\/\/www.las-stik.si\/programsko-obdobje-2014-2020\/wp-json\/wp\/v2\/comments?post=1146"}],"version-history":[{"count":0,"href":"https:\/\/www.las-stik.si\/programsko-obdobje-2014-2020\/wp-json\/wp\/v2\/pages\/1146\/revisions"}],"wp:attachment":[{"href":"https:\/\/www.las-stik.si\/programsko-obdobje-2014-2020\/wp-json\/wp\/v2\/media?parent=1146"}],"curies":[{"name":"wp","href":"https:\/\/api.w.org\/{rel}","templated":true}]}}