{"id":247,"date":"2018-10-30T18:16:26","date_gmt":"2018-10-30T17:16:26","guid":{"rendered":"https:\/\/the7.io\/g-business\/?page_id=247"},"modified":"2021-04-17T15:43:11","modified_gmt":"2021-04-17T13:43:11","slug":"predstavitev","status":"publish","type":"page","link":"https:\/\/www.las-stik.si\/programsko-obdobje-2014-2020\/predstavitev\/","title":{"rendered":"Predstavitev"},"content":{"rendered":"<div class=\"wpb-content-wrapper\"><p>[vc_row css=&#8221;.vc_custom_1560793098479{padding-bottom: 50px !important;}&#8221;][vc_column][vc_column_text css=&#8221;.vc_custom_1617774405818{padding-top: 20px !important;}&#8221;]<\/p>\n<div class=\"uvc-main-heading ult-responsive\" data-ultimate-target=\".uvc-heading.ultimate-heading-1277606c515458e0b h2\" data-responsive-json-new=\"{&quot;font-size&quot;:&quot;&quot;,&quot;line-height&quot;:&quot;&quot;}\">\n<h2>Predstavitev sofinancirane aktivnosti<\/h2>\n<\/div>\n<div class=\"uvc-sub-heading ult-responsive\" data-ultimate-target=\".uvc-heading.ultimate-heading-1277606c515458e0b .uvc-sub-heading \" data-responsive-json-new=\"{&quot;font-size&quot;:&quot;desktop:24px;&quot;,&quot;line-height&quot;:&quot;desktop:34px;&quot;}\">Naziv aktivnosti: Podpora za teko\u010de stro\u0161ke in stro\u0161ke animacije v okviru Lokalne akcijske skupine Suhe krajine, Temenice in Krke (LAS STIK).<\/div>\n<p>&nbsp;<\/p>\n<p><strong>Opis:<\/strong><br \/>\nPodpora iz podukrepa 19.4:&#8221;Podpora za teko\u010de stro\u0161ke in stro\u0161ke animacije&#8221; je namenjena sofinanciranju stro\u0161kov nastalih pri upravljanju in delovanju LAS, vklju\u010dno s spremljanjem in vrednotenjem SLR, animaciji obmo\u010dja LAS in pomo\u010di potencialnim upravi\u010dencem za razvijanje projektnih idej in pripravo operacij.[\/vc_column_text][vc_row_inner][vc_column_inner width=&#8221;1\/2&#8243; offset=&#8221;vc_col-lg-offset-0 vc_col-md-offset-0 vc_col-sm-offset-0&#8243;][vc_column_text css=&#8221;.vc_custom_1617774264425{border-left-width: 5px !important;padding-left: 20px !important;border-left-color: #93c248 !important;border-left-style: solid !important;}&#8221;]<strong>Cilj:<\/strong><br \/>\nObve\u0161\u010danje in informiranje javnosti :<br \/>\n&#8211; o aktualnih zadevah povezanih z LAS,<br \/>\n&#8211; o javnih pozivih LAS,<br \/>\n&#8211; o operacijah v izvajanju,<br \/>\n&#8211; o dokumentaciji, ki se navezuje na pravilno izvedbo operacij,<br \/>\n&#8211; o novostih na obmo\u010dju LAS.[\/vc_column_text][\/vc_column_inner][vc_column_inner width=&#8221;1\/2&#8243; offset=&#8221;vc_col-lg-offset-0 vc_col-md-offset-0 vc_col-sm-offset-0&#8243;][vc_column_text css=&#8221;.vc_custom_1617774287024{border-left-width: 5px !important;padding-left: 20px !important;border-left-color: #93c248 !important;border-left-style: solid !important;}&#8221;]<strong>Pri\u010dakovani rezultati:<\/strong><br \/>\nAnimacija obmo\u010dja oziroma vklju\u010devanje skupnosti na obmo\u010dju LAS STIK:<br \/>\n&#8211; k identificiranju potreb na obmo\u010dju LAS,<br \/>\n&#8211; v izvajanje projektnih aktivnosti v okviru operacij,<br \/>\n&#8211; k doseganju kazalnikov zastavljenih v Strategiji lokalnega razvoja,<br \/>\n&#8211; k enakomernemu razvoju obmo\u010dja LAS.[\/vc_column_text][\/vc_column_inner][\/vc_row_inner][\/vc_column][\/vc_row][vc_row css=&#8221;.vc_custom_1560787254950{padding-bottom: 40px !important;}&#8221;][vc_column offset=&#8221;vc_col-lg-offset-0 vc_col-md-offset-0&#8243;][vc_column_text css=&#8221;.vc_custom_1618657234172{padding-bottom: 10px !important;}&#8221;]<strong>Povzetek:<\/strong><br \/>\nCLLD (Community Led Local Development oz. Lokalni razvoj, ki ga vodi skupnost) je nadgradnja do sedaj poznanega pristopa LEADER, ki se je na ravni EU izkazal kot uspe\u0161na metoda razvojnega na\u010drtovanja in izvajanja operacij.<br \/>\nPristop \u00bbod spodaj navzgor\u00ab omogo\u010da lokalnemu prebivalstvu, da z oblikovanjem lokalnih partnerstev tako imenovanih lokalnih akcijskih skupin (LAS), aktivno odlo\u010da o prioritetah in razvojnih ciljih lokalnega obmo\u010dja, vklju\u010dno z viri financiranja za doseganje ciljev lokalnega obmo\u010dja.<br \/>\nPristop omogo\u010da uresni\u010devanje \u0161iroke palete izzivov v razli\u010dnih okoljih, ve\u010djo fleksibilnost pri doseganju ciljev in odgovarja dejanskim potrebam lokalnega obmo\u010dja.<br \/>\nV Evropski Uniji je pristop LEADER v praski \u017ee vse od leta 1991, v Sloveniji pa se je ta pristop pri\u010del s programskim obdobjem 2007\u20132013.<br \/>\nUkrepi LEADER so se izvajali na 95 % ozemlja RS. Odobrenih je bilo ve\u010d kot 1.400 projektov.<\/p>\n<p><strong>CLLD dejstva:<\/strong><br \/>\n&#8211; Je pristop\/metoda, ki jo je kot novost v programskem obdobju 2014\u20132020 Evropska komisija ponudila dr\u017eavam \u010dlanicam v izvajanje.<br \/>\n&#8211; Omogo\u010da re\u0161evanje razvojnih izzivov s pomo\u010djo multiplikativnih u\u010dinkov pri povezovanju ukrepov in sredstev iz ve\u010d strukturnih skladov hkrati.<br \/>\n&#8211; CLLD se uresni\u010duje preko na novo oblikovanih LAS.<br \/>\n&#8211; Izziv pristopa CLLD je, da se s skupnim ukrepanjem pospe\u0161i razvoj zlasti pode\u017eelskih obmo\u010dij in se tako ustvarijo mo\u017enosti za nastanek novih delovnih mest, vi\u0161jo kakovost bivanja, bolj\u0161o dostopnost ter ne nazadnje za ohranjanje kulturnih in krajinskih zna\u010dilnosti ter obvladovanje demografskih sprememb.<br \/>\n&#8211; V programskem obdobju 2014\u20132020 je predvidena uporaba pristopa CLLD pri treh skladih, in sicer Evropskem kmetijskem skladu za razvoj pode\u017eelja (EKSRP), Evropskem skladu za pomorstvo in ribi\u0161tvo (ESPR) in Evropskem skladu za regionalni razvoj (ESRR).<\/p>\n<p><strong>Tematska podro\u010dja ukrepanja so:<\/strong><br \/>\n1. ustvarjanje delovnih mest<br \/>\n2. razvoj osnovnih storitev<br \/>\n3. varstvo okolja in ohranjanje narave<br \/>\n4. ve\u010dja vklju\u010denost mladih, \u017eensk in drugih ranljivih skupin na pode\u017eelju.<\/p>\n<p>Izvajanje CLLD dolo\u010da Uredba o izvajanju lokalnega razvoja, ki ga vodi skupnost, v programskem obdobju 2014\u20132020 (Uradni list RS, \u0161t. 42\/15, 28\/16, 73\/16, 72\/17 in 23\/18).<\/p>\n<p><strong>Namen CLLD<\/strong> je spodbujanje celovitega in uravnote\u017eenega razvoja lokalnih obmo\u010dij po pristopu \u00bbod spodaj navzgor\u00ab ob upo\u0161tevanju endogenih razvojnih potencialov in zmogljivosti, predvsem krepitve socialnega kapitala z aktivnim vklju\u010devanjem prebivalstva v skupno na\u010drtovanje in odlo\u010danje o lastnem lokalnem razvoju po na\u010delu subsidiarnosti in participativne demokracije.<\/p>\n<p><strong>Cilj CLLD<\/strong> je spodbujanje socialnega vklju\u010devanja ter boj proti rev\u0161\u010dini in kakr\u0161nikoli diskriminaciji, zmanj\u0161evanje regionalnih razvojnih razlik in gospodarski razvoj obmo\u010dij. Poleg tega pa je cilj prispevati k ohranjanju narave, varstvu okolja, kulturne dedi\u0161\u010dine, kulturne krajine in njenih elementov.<br \/>\nCLLD omogo\u010da lokalnemu prebivalstvu, da se medsebojno pove\u017ee v t.i. lokalne akcijske skupine (LAS) in preko njih aktivno odlo\u010da o prioritetah in razvojnih ciljih lokalnega obmo\u010dja, vklju\u010dno z viri financiranja za doseganje ciljev lokalnega obmo\u010dja. V ta namen LAS pripravi in izvaja Strategijo lokalnega razvoja, ki temelji na dru\u017ebenih, okoljskih in ekonomskih prednostih in endogenih razvojnih potencialih obmo\u010dja. Tak pristop omogo\u010da uresni\u010devanje \u0161iroke palete izzivov v razli\u010dnih okoljih, ve\u010djo fleksibilnost pri doseganju ciljev in odgovarja dejanskim potrebam lokalnega obmo\u010dja.<br \/>\nCLLD s kombinacijo razli\u010dnih virov financiranja omogo\u010da LAS izvedbo celovitih in kompleksnej\u0161ih operacij, ki niso strogo omejene na pode\u017eelska obmo\u010dja, ampak vklju\u010dujejo tudi ribi\u0161ka in mestna naselja. Tovrsten pristop je veliko bolj celosten in posledi\u010dno vpliva na uspe\u0161nej\u0161e uresni\u010devanje lokalnih potreb. Dostop do sredstev razli\u010dnih skladov lokalnim partnerstvom omogo\u010da, da namenijo ve\u010d pozornosti tudi tistim podro\u010djem in vpra\u0161anjem, ki bi jih sicer te\u017eko obravnavala.<\/p>\n<p>Ve\u010d o instrumentu CLLD si lahko preberete na: <a href=\"https:\/\/www.program-podezelja.si\/sl\/\" target=\"_blank\" rel=\"noopener\">www.program-podezelja.si<\/a><\/p>\n<p>Spletna stran Evropske komisije, namenjena <a href=\"https:\/\/ec.europa.eu\/agriculture\/rural-development-2014-2020_sl\" target=\"_blank\" rel=\"noopener\">EKSRP<\/a>.<\/p>\n<p><img loading=\"lazy\" decoding=\"async\" class=\"alignnone wp-image-2292 \" src=\"https:\/\/www.las-stik.si\/programsko-obdobje-2014-2020\/wp-content\/uploads\/2018\/06\/leader.jpg\" alt=\"leader\" width=\"565\" height=\"127\" srcset=\"https:\/\/www.las-stik.si\/programsko-obdobje-2014-2020\/wp-content\/uploads\/2018\/06\/leader.jpg 1043w, https:\/\/www.las-stik.si\/programsko-obdobje-2014-2020\/wp-content\/uploads\/2018\/06\/leader-300x67.jpg 300w, https:\/\/www.las-stik.si\/programsko-obdobje-2014-2020\/wp-content\/uploads\/2018\/06\/leader-1024x230.jpg 1024w, https:\/\/www.las-stik.si\/programsko-obdobje-2014-2020\/wp-content\/uploads\/2018\/06\/leader-768x172.jpg 768w\" sizes=\"(max-width: 565px) 100vw, 565px\" \/><\/p>\n<p>Za vsebino na spletni strani LAS STIK je odgovorna Lokalna akcijska skupina Suhe krajine, Temenice in Krke (LAS STIK), ki jo zastopa vodilni partner Center za izobra\u017eevanje in kulturo Trebnje. Organ upravljanja za izvajanje Programa razvoja pode\u017eelja RS za obdobje 2014\u20142020, je Ministrstvo za kmetijstvo, gozdarstvo in prehrano.[\/vc_column_text][vc_column_text]<\/p>\n<h2 class=\"pi-has-bg pi-weight-700 pi-uppercase pi-letter-spacing pi-margin-bottom-15\">Obmo\u010dje delovanja LAS STIK<\/h2>\n<p>Lokalno akcijska skupina Suhe krajine, Temenice in Krke zavzema obmo\u010dje \u0161tirih ob\u010din:<\/p>\n<ul class=\"pi-bullets-square pi-bullets\">\n<li><strong><a href=\"http:\/\/www.trebnje.si\/\" target=\"_blank\" rel=\"noopener\">Trebnje<\/a><\/strong><\/li>\n<li><strong><a href=\"http:\/\/www.ivancna-gorica.si\/\" target=\"_blank\" rel=\"noopener\">Ivan\u010dna Gorica<\/a><\/strong><\/li>\n<li><strong><a href=\"http:\/\/www.dolenjske-toplice.si\/\" target=\"_blank\" rel=\"noopener\">Dolenjske Toplice<\/a><\/strong><\/li>\n<li><strong><a href=\"http:\/\/www.zuzemberk.si\/\" target=\"_blank\" rel=\"noopener\">\u017du\u017eemberk<\/a><\/strong><\/li>\n<\/ul>\n<p>&#8221;Ob\u010dine LAS STIK se nahajajo na obmo\u010dju Suhe krajine in Temeni\u0161ke doline, ki ju povezuje pore\u010dje reke Krke. Obsega zaklju\u010deno obmo\u010dje, ki ga povezujejo podobne zgodovinske izku\u0161nje, geografske zna\u010dilnosti, kultura in identiteta. Ime lokalne akcijske skupine je akronim, sestavljen iz za\u010detnic omenjenih geografskih enot.&#8221;<\/p>\n<p>Ob\u010dine \u0161tejejo skupaj\u00a0<strong>350 naselij<\/strong>\u00a0in pokrivajo\u00a0<strong>664,8\u00a0km<sup>2<\/sup>\u00a0povr\u0161ine<\/strong>. Po podatkih statisti\u010dnega urada je na dan 1. 7. 2014 na tem obmo\u010dju \u017eivelo\u00a0<strong>36.096 prebivalcev<\/strong>.[\/vc_column_text][vc_column_text]<\/p>\n<h2 class=\"pi-has-bg pi-weight-700 pi-uppercase pi-letter-spacing pi-margin-bottom-15\">Vodilni partner<\/h2>\n<p><strong>Naloge vodilnega partnerja za LAS STIK opravlja CIK Trebnje.<\/strong><\/p>\n<p>Vodilni partner za LAS STIK organizira in opravlja vse administrativno-tehni\u010dne ter finan\u010dne naloge, hkrati pa nima pravice odlo\u010danja o nobenem podro\u010dju dela LAS.<br \/>\nUO LAS STIK je kot vodilnega partnerja imenoval Center za izobra\u017eevanje in kulturo Trebnje.<\/p>\n<p><strong>Center za izobra\u017eevanje in kulturo Trebnje<\/strong><br \/>\n<strong>Kidri\u010deva ulica 2<\/strong><br \/>\n<strong>8210 Trebnje<\/strong><br \/>\n<strong><a href=\"http:\/\/www.ciktrebnje.si\/\" target=\"_blank\" rel=\"noopener\">www.ciktrebnje.si, <\/a><a href=\"https:\/\/www.las-stik.si\/programsko-obdobje-2014-2020\/\" target=\"_blank\" rel=\"noopener\">www.las-stik.si, <\/a><\/strong><strong><span id=\"cloak66618201412910744f403f960105fd14\"><a href=\"mailto:las-stik@ciktrebnje.si\">las-stik@ciktrebnje.si<\/a><\/span><\/strong>[\/vc_column_text][\/vc_column][\/vc_row]<\/p>\n<\/div>","protected":false},"excerpt":{"rendered":"<p>[vc_row css=&#8221;.vc_custom_1560793098479{padding-bottom: 50px !important;}&#8221;][vc_column][vc_column_text css=&#8221;.vc_custom_1617774405818{padding-top: 20px !important;}&#8221;] Predstavitev sofinancirane aktivnosti Naziv aktivnosti: Podpora za teko\u010de stro\u0161ke in stro\u0161ke animacije v okviru Lokalne akcijske skupine Suhe krajine, Temenice in Krke (LAS STIK). &nbsp; Opis: Podpora iz podukrepa 19.4:&#8221;Podpora za teko\u010de stro\u0161ke in stro\u0161ke animacije&#8221; je namenjena sofinanciranju stro\u0161kov nastalih pri upravljanju in delovanju LAS, vklju\u010dno s&hellip;<\/p>\n","protected":false},"author":1,"featured_media":0,"parent":0,"menu_order":10,"comment_status":"closed","ping_status":"closed","template":"","meta":{"footnotes":""},"_links":{"self":[{"href":"https:\/\/www.las-stik.si\/programsko-obdobje-2014-2020\/wp-json\/wp\/v2\/pages\/247"}],"collection":[{"href":"https:\/\/www.las-stik.si\/programsko-obdobje-2014-2020\/wp-json\/wp\/v2\/pages"}],"about":[{"href":"https:\/\/www.las-stik.si\/programsko-obdobje-2014-2020\/wp-json\/wp\/v2\/types\/page"}],"author":[{"embeddable":true,"href":"https:\/\/www.las-stik.si\/programsko-obdobje-2014-2020\/wp-json\/wp\/v2\/users\/1"}],"replies":[{"embeddable":true,"href":"https:\/\/www.las-stik.si\/programsko-obdobje-2014-2020\/wp-json\/wp\/v2\/comments?post=247"}],"version-history":[{"count":0,"href":"https:\/\/www.las-stik.si\/programsko-obdobje-2014-2020\/wp-json\/wp\/v2\/pages\/247\/revisions"}],"wp:attachment":[{"href":"https:\/\/www.las-stik.si\/programsko-obdobje-2014-2020\/wp-json\/wp\/v2\/media?parent=247"}],"curies":[{"name":"wp","href":"https:\/\/api.w.org\/{rel}","templated":true}]}}