{"id":2529,"date":"2021-03-12T18:56:56","date_gmt":"2021-03-12T17:56:56","guid":{"rendered":"https:\/\/mandu.si\/ls\/?page_id=2529"},"modified":"2024-06-10T14:00:04","modified_gmt":"2024-06-10T12:00:04","slug":"organi-las-stik","status":"publish","type":"page","link":"https:\/\/www.las-stik.si\/programsko-obdobje-2014-2020\/organi-las-stik\/","title":{"rendered":"Organi LAS STIK"},"content":{"rendered":"<div class=\"wpb-content-wrapper\"><p>[vc_row][vc_column width=&#8221;1\/2&#8243;][vc_column_text css=&#8221;.vc_custom_1718020698492{margin-bottom: 60px !important;border-left-width: 5px !important;padding-left: 20px !important;border-left-style: solid !important;border-color: #93c248 !important;}&#8221;]LAS STIK ima naslednje organe:<\/p>\n<ul>\n<li><strong>Skup\u0161\u010dina LAS<\/strong><\/li>\n<li><strong>Predsednik LAS<\/strong><\/li>\n<li><strong>Upravni odbor LAS<\/strong><\/li>\n<li><strong>Ocenjevalna komisija LAS<\/strong><\/li>\n<li><strong>Nadzorni odbor LAS<\/strong><\/li>\n<\/ul>\n<p>Vklju\u010ditev v LAS STIK je prostovoljno in odprtega tipa, dostopno vsem pod enakimi pogoji, vendar pa \u010dlanstvo v LAS STIK ni predpogoj za prijavo projektov in kori\u0161\u010denje sredstev.[\/vc_column_text][\/vc_column][vc_column width=&#8221;1\/2&#8243;][vc_column_text css=&#8221;.vc_custom_1617720948615{margin-bottom: 60px !important;border-left-width: 5px !important;padding-left: 20px !important;border-left-color: #93c248 !important;border-left-style: solid !important;}&#8221;]Klju\u010dni podlagi za delo LAS STIK sta Uredba o izvajanju lokalnega razvoja, ki ga vodi skupnost, v programskem obdobju 2014-2020 (Uredba CLLD) in smernice za izdelavo strategij lokalnega razvoja. Partnerstvo LAS STIK bo pri re\u0161evanju razvojnih potreb v skladu z <strong>Uredba CLLD 2014-2020 sledilo \u0161tirim podro\u010djem ukrepanja<\/strong>:<\/p>\n<ul>\n<li><strong>ustvarjanje delovnih mest<\/strong><\/li>\n<li><strong>razvoj osnovnih storitev<\/strong><\/li>\n<li><strong>varstvo okolja in ohranjanje narave<\/strong><\/li>\n<li><strong>ve\u010dja vklju\u010denost mladih, \u017eensk in drugih ranljivih skupin<\/strong><\/li>\n<\/ul>\n<p>[\/vc_column_text][\/vc_column][vc_column][vc_separator style=&#8221;shadow&#8221; border_width=&#8221;5&#8243; css_animation=&#8221;none&#8221;][vc_column_text css=&#8221;&#8221;]<\/p>\n<h2>Skup\u0161\u010dina LAS STIK<\/h2>\n<p><strong>Skup\u0161\u010dina je najvi\u0161ji organ upravljanja, ki ga sestavljajo vsi <a href=\"https:\/\/mandu.si\/ls\/2015\/09\/12\/clani-las-stik\/\">\u010dlani LAS STIK.<\/a><\/strong><\/p>\n<p>Vsak \u010dlan LAS ima na skup\u0161\u010dini en glas\u00a0<span style=\"line-height: 115%;\">in glasuje v okviru svojega sektorja (javni, ekonomski in civilni). <\/span>Sklicuje se najmanj enkrat letno. Skup\u0161\u010dina v obliki rednih in izrednih sej razpravlja o vseh podro\u010djih LAS. Sejo skup\u0161\u010dine vodi predsednik LAS, ki je poobla\u0161\u010den predstavnik LAS. Slednji predstavlja in zastopa LAS v razmerju do tretjih oseb ter v imenu LAS podpisuje vse pravno zavezujo\u010de listine in dokumente.<\/p>\n<p>Seznam \u010dlanov LAS STIK najdete\u00a0<a href=\"https:\/\/mandu.si\/ls\/2015\/09\/12\/clani-las-stik\/\" target=\"_blank\" rel=\"noopener\">TUKAJ.<\/a>[\/vc_column_text][vc_separator style=&#8221;shadow&#8221; border_width=&#8221;5&#8243; css_animation=&#8221;none&#8221;][vc_column_text css=&#8221;&#8221;]<\/p>\n<h2 class=\"pi-has-bg pi-weight-700 pi-uppercase pi-letter-spacing pi-margin-bottom-15\">Upravni odbor LAS STIK<\/h2>\n<p><strong>Upravni odbor (UO) je strokovni in izvedbeni organ, ki skrbi za nemoteno izvajanje programa in sklepov, sprejetih na sejah Skup\u0161\u010dine LAS STIK.<\/strong><\/p>\n<p>UO \u0161teje 11 \u010dlanov, ki so bili izvoljeni na ustanovni skup\u0161\u010dini LAS STIK. Sestavljen je tripartitno, kar pomeni, da so v njem zastopani \u010dlani LAS STIK vseh treh sektorjev \u2013 javni, gospodarski in nevladni partnerji. \u010clane UO LAS STIK voli in razre\u0161uje Skup\u0161\u010dina LAS STIK. Izvolijo se za tri letno mandatno obdobje in so lahko ponovno izvoljeni.<\/p>\n<p>Seje UO LAS STIK sklicuje predsednik LAS. V primeru njegove odsotnosti seje sklicuje in vodi podpredsednik LAS STIK.<\/p>\n<p><strong>Predsednik LAS STIK za obdobje 2024-2027 je Toma\u017e Smole.<br \/>\n<\/strong><\/p>\n<p><strong>\u010clani UO LAS STIK za obdobje 2024-2027so:<\/strong><\/p>\n<ol>\n<li><strong>Polona Vrtar,<\/strong> predstavnica javnega sektorja<\/li>\n<li><strong>Toma\u017e Smole<\/strong>, predstavnik javnega sektorja<\/li>\n<li><strong>Mateja Zupan\u010di\u010d<\/strong>, predstavnica javnega sektorja<\/li>\n<li><strong>Rok Zupan\u010di\u010d<\/strong>, predstavnik javnega sektorja<\/li>\n<li><strong>Barbara Jerov\u0161ek Volek<\/strong>, predstavnica ekonomskega sektorja<\/li>\n<li><strong>Du\u0161an Granda<\/strong>,\u00a0predstavnik ekonomskega sektorja<\/li>\n<li><strong>Martina Hrovat<\/strong>, predstavnica organizacij civilne dru\u017ebe in fizi\u010dnih oseb<\/li>\n<li><strong>mag. Du\u0161an \u0160tepec<\/strong>, predstavnik organizacij civilne dru\u017ebe in fizi\u010dnih oseb<\/li>\n<li><strong>\u0160pela Smuk<\/strong>,\u00a0predstavnica organizacij civilne dru\u017ebe in fizi\u010dnih oseb<\/li>\n<li><strong>Vlado Kostevc<\/strong>, predstavnik organizacij civilne dru\u017ebe in fizi\u010dnih oseb<\/li>\n<li><strong>Mitja Zupan\u010di\u010d<\/strong>,\u00a0predstavnik organizacij civilne dru\u017ebe in fizi\u010dnih oseb<\/li>\n<\/ol>\n<p>[\/vc_column_text][vc_separator style=&#8221;shadow&#8221; border_width=&#8221;5&#8243; css_animation=&#8221;none&#8221;][vc_column_text css=&#8221;&#8221;]<\/p>\n<h2 class=\"pi-has-bg pi-weight-700 pi-uppercase pi-letter-spacing pi-margin-bottom-15\">Nadzorni odbor LAS STIK<\/h2>\n<p><strong>Nadzorni odbor LAS nadzira pravilno in transparentno delovanje Upravnega odbora in finan\u010dno poslovanje LAS.<\/strong><\/p>\n<p>Nadzorni odbor LAS \u0161teje 7 \u010dlane in sprejema odlo\u010ditve z ve\u010dino glasov. Vsak \u010dlan ima en glas.<\/p>\n<p><strong>Nadzorni odbor LAS ima naslednje naloge:<\/strong><br \/>\n&#8211; nadzira delo Upravnega odbora in predsednika Upravnega odbora,<br \/>\n&#8211; nadzira delo vodilnega partnerja,<br \/>\n&#8211; nadzira finan\u010dno poslovanje LAS,<br \/>\n&#8211; obravnava in daje soglasje k predlogu letnega na\u010drta aktivnosti, ki ga pripravi Upravni odbor<br \/>\n&#8211; najmanj enkrat letno poro\u010da Skup\u0161\u010dini LAS in Upravnemu odboru LAS.<\/p>\n<p>\u010clani Nadzornega odbora ne morejo biti \u010dlani Upravnega odbora ter predsednik ali delavec vodilnega partnerja LAS.<\/p>\n<p>&nbsp;<\/p>\n<p><strong>\u010clani NO LAS STIK za obdobje 2024-2027 so:<\/strong><\/p>\n<ol>\n<li><strong>Matej \u0160teh<\/strong>, predstavnik javnega sektorja<\/li>\n<li><strong>Andreja Pleni\u010dar<\/strong>, predstavnica javnega sektorja<\/li>\n<li><strong>Franc Fritz Murgelj<\/strong>, predstavnik ekonomskega sektorja<\/li>\n<li><strong>David Mrvar<\/strong>, predstavnik ekonomskega sektorja<\/li>\n<li><strong>Mija Benedi\u010di\u010d<\/strong>, predstavnica organizacij civilne dru\u017ebe in fizi\u010dnih oseb<\/li>\n<li><strong>Bla\u017e \u0160ercelj<\/strong>, predstavnik organizacij civilne dru\u017ebe in fizi\u010dnih oseb<\/li>\n<li><strong>Roman Kren<\/strong>,\u00a0predstavnik organizacij civilne dru\u017ebe in fizi\u010dnih oseb<\/li>\n<\/ol>\n<p>[\/vc_column_text][\/vc_column][\/vc_row]<\/p>\n<\/div>","protected":false},"excerpt":{"rendered":"<p>[vc_row][vc_column width=&#8221;1\/2&#8243;][vc_column_text css=&#8221;.vc_custom_1718020698492{margin-bottom: 60px !important;border-left-width: 5px !important;padding-left: 20px !important;border-left-style: solid !important;border-color: #93c248 !important;}&#8221;]LAS STIK ima naslednje organe: Skup\u0161\u010dina LAS Predsednik LAS Upravni odbor LAS Ocenjevalna komisija LAS Nadzorni odbor LAS Vklju\u010ditev v LAS STIK je prostovoljno in odprtega tipa, dostopno vsem pod enakimi pogoji, vendar pa \u010dlanstvo v LAS STIK ni predpogoj za prijavo projektov&hellip;<\/p>\n","protected":false},"author":1,"featured_media":0,"parent":0,"menu_order":60,"comment_status":"closed","ping_status":"closed","template":"","meta":{"footnotes":""},"_links":{"self":[{"href":"https:\/\/www.las-stik.si\/programsko-obdobje-2014-2020\/wp-json\/wp\/v2\/pages\/2529"}],"collection":[{"href":"https:\/\/www.las-stik.si\/programsko-obdobje-2014-2020\/wp-json\/wp\/v2\/pages"}],"about":[{"href":"https:\/\/www.las-stik.si\/programsko-obdobje-2014-2020\/wp-json\/wp\/v2\/types\/page"}],"author":[{"embeddable":true,"href":"https:\/\/www.las-stik.si\/programsko-obdobje-2014-2020\/wp-json\/wp\/v2\/users\/1"}],"replies":[{"embeddable":true,"href":"https:\/\/www.las-stik.si\/programsko-obdobje-2014-2020\/wp-json\/wp\/v2\/comments?post=2529"}],"version-history":[{"count":0,"href":"https:\/\/www.las-stik.si\/programsko-obdobje-2014-2020\/wp-json\/wp\/v2\/pages\/2529\/revisions"}],"wp:attachment":[{"href":"https:\/\/www.las-stik.si\/programsko-obdobje-2014-2020\/wp-json\/wp\/v2\/media?parent=2529"}],"curies":[{"name":"wp","href":"https:\/\/api.w.org\/{rel}","templated":true}]}}