{"id":2541,"date":"2021-03-12T19:17:01","date_gmt":"2021-03-12T18:17:01","guid":{"rendered":"https:\/\/mandu.si\/ls\/?page_id=2541"},"modified":"2021-04-07T09:31:31","modified_gmt":"2021-04-07T08:31:31","slug":"borza-projektnih-partnerstev","status":"publish","type":"page","link":"https:\/\/www.las-stik.si\/programsko-obdobje-2014-2020\/borza-projektnih-partnerstev\/","title":{"rendered":"Borza projektnih partnerstev"},"content":{"rendered":"<div class=\"wpb-content-wrapper\"><p>[vc_row][vc_column][vc_column_text]<strong>To mesto je namenjeno vsem, ki i\u0161\u010dete partnerje na obmo\u010dju LAS STIK, za sodelovanje v operacijah za uresni\u010devanje ciljev SLR LAS STIK.<\/strong><\/p>\n<p>V kolikor i\u0161\u010dete partnerje in \u017eelite, da je va\u0161e povpra\u0161evanje\/ponudba objavljeno na tem mestu, po\u0161ljite izpolnjen <a href=\"https:\/\/www.las-stik.si\/programsko-obdobje-2014-2020\/wp-content\/uploads\/2016\/12\/Obrazec_iskanje_partnerjev_na_obmocju_LAS_STIK.doc\" target=\"_blank\" rel=\"noopener\">OBRAZEC<\/a>\u00a0 na <a href=\"mailto:las-stik@ciktrebnje.si\">na\u0161 e-naslov<\/a><\/p>\n<p>&nbsp;<\/p>\n<p><strong>Seznam partnerjev:<\/strong><\/p>\n<p><strong>Naziv partnerja:<\/strong> Stojan Zorzenone, ob\u010dina Ivan\u010dna Gorica<\/p>\n<p><strong>Tematsko podro\u010dje:<\/strong> ustvarjanje delovnih mest, ve\u010dja vklju\u010denost mladih, \u017eensk in drugih ranljivih ciljnih skupin<\/p>\n<p><strong>Povpra\u0161evanje:<\/strong>\u00a0partner s podro\u010dja SEO (optimiranje spletnih strani), z javnega in ekonomskega sektorja<\/p>\n<p><strong>Ponudbo za partnerstvo s kontaktnimi podatki najdete <a href=\"https:\/\/www.las-stik.si\/programsko-obdobje-2014-2020\/wp-content\/uploads\/2016\/12\/Obrazec_iskanje_partnerjev_na_obmocju_LAS_STIK__Stojan_Zorzenone.pdf\" target=\"_blank\" rel=\"noopener\">TUKAJ<\/a><\/strong>[\/vc_column_text][vc_separator style=&#8221;shadow&#8221; border_width=&#8221;5&#8243;][vc_column_text]<strong>Naziv partnerja:<\/strong>\u00a0Center ponovne uporabe d.o.o., SO.P., PE Trebnje, socialno podjetje, ob\u010dina Trebnje<\/p>\n<p><strong>Tematsko podro\u010dje:<\/strong>\u00a0varstvo okolja in ohranjanje narave<\/p>\n<p><strong>Povpra\u0161evanje:<\/strong>\u00a0partner, ki ima znanje in izku\u0161nje s podro\u010dja dela z brezposelnimi ali podro\u010dja okoljskega osve\u0161\u010danja.<\/p>\n<p><strong>Ponudbo za partnerstvo s kontaktnimi podatki najdete <a href=\"https:\/\/www.las-stik.si\/programsko-obdobje-2014-2020\/wp-content\/uploads\/2016\/12\/Obrazec_iskanje_partnerjev_na_obmocju_LAS_STIK-CPU_Trebnje.pdf\" target=\"_blank\" rel=\"noopener\">TUKAJ<\/a><\/strong>[\/vc_column_text][vc_separator style=&#8221;shadow&#8221; border_width=&#8221;5&#8243;][vc_column_text]<strong>Naziv partnerja:<\/strong>\u00a0Leander \u010crnila s.p.<\/p>\n<p><strong>Tematsko podro\u010dje:<\/strong>\u00a0ustvarjanje novih delovnih mest<\/p>\n<p><strong>Povpra\u0161evanje:<\/strong>\u00a0partnerje, ki imajo znanja s podro\u010dja o\u017eivljanja in ohranjanja starih poklicev in obrti.<\/p>\n<p><strong>Ponudbo za partnerstvo s kontaktnimi podatki najdete <a href=\"https:\/\/www.las-stik.si\/programsko-obdobje-2014-2020\/wp-content\/uploads\/2016\/12\/Obrazec_iskanje_partnerjev_na_obmocju_LAS_STIK_Leander_CRNILA.pdf\" target=\"_blank\" rel=\"noopener\">TUKAJ<\/a><\/strong>[\/vc_column_text][vc_separator style=&#8221;shadow&#8221; border_width=&#8221;5&#8243;][vc_column_text]<strong>Naziv partnerja:<\/strong> Stanislav Kova\u010di\u010d<\/p>\n<p><strong>Tematsko podro\u010dje:<\/strong> ve\u010dja vklju\u010denost mladih, \u017eensk in drugih ranljivih ciljnih skupin<\/p>\n<p><strong>Povpra\u0161evanje:<\/strong>\u00a0partnerje za izvajanje izobra\u017eevalnih vsebin<\/p>\n<p><strong>Ponudbo za partnerstvo s kontaktnimi podatki najdete <a href=\"https:\/\/www.las-stik.si\/programsko-obdobje-2014-2020\/wp-content\/uploads\/2016\/12\/Obrazec_iskanje_partnerjev_na_obmocju_LAS_STIK__Stanislav_Kovacic.pdf\" target=\"_blank\" rel=\"noopener\">TUKAJ<\/a><\/strong>[\/vc_column_text][vc_separator style=&#8221;shadow&#8221; border_width=&#8221;5&#8243;][\/vc_column][\/vc_row]<\/p>\n<\/div>","protected":false},"excerpt":{"rendered":"<p>[vc_row][vc_column][vc_column_text]To mesto je namenjeno vsem, ki i\u0161\u010dete partnerje na obmo\u010dju LAS STIK, za sodelovanje v operacijah za uresni\u010devanje ciljev SLR LAS STIK. V kolikor i\u0161\u010dete partnerje in \u017eelite, da je va\u0161e povpra\u0161evanje\/ponudba objavljeno na tem mestu, po\u0161ljite izpolnjen OBRAZEC\u00a0 na na\u0161 e-naslov &nbsp; Seznam partnerjev: Naziv partnerja: Stojan Zorzenone, ob\u010dina Ivan\u010dna Gorica Tematsko podro\u010dje: ustvarjanje&hellip;<\/p>\n","protected":false},"author":1,"featured_media":0,"parent":0,"menu_order":60,"comment_status":"closed","ping_status":"closed","template":"","meta":{"footnotes":""},"_links":{"self":[{"href":"https:\/\/www.las-stik.si\/programsko-obdobje-2014-2020\/wp-json\/wp\/v2\/pages\/2541"}],"collection":[{"href":"https:\/\/www.las-stik.si\/programsko-obdobje-2014-2020\/wp-json\/wp\/v2\/pages"}],"about":[{"href":"https:\/\/www.las-stik.si\/programsko-obdobje-2014-2020\/wp-json\/wp\/v2\/types\/page"}],"author":[{"embeddable":true,"href":"https:\/\/www.las-stik.si\/programsko-obdobje-2014-2020\/wp-json\/wp\/v2\/users\/1"}],"replies":[{"embeddable":true,"href":"https:\/\/www.las-stik.si\/programsko-obdobje-2014-2020\/wp-json\/wp\/v2\/comments?post=2541"}],"version-history":[{"count":0,"href":"https:\/\/www.las-stik.si\/programsko-obdobje-2014-2020\/wp-json\/wp\/v2\/pages\/2541\/revisions"}],"wp:attachment":[{"href":"https:\/\/www.las-stik.si\/programsko-obdobje-2014-2020\/wp-json\/wp\/v2\/media?parent=2541"}],"curies":[{"name":"wp","href":"https:\/\/api.w.org\/{rel}","templated":true}]}}