{"id":2956,"date":"2021-04-06T12:37:38","date_gmt":"2021-04-06T10:37:38","guid":{"rendered":"https:\/\/mandu.si\/ls\/?page_id=2956"},"modified":"2021-04-17T20:25:17","modified_gmt":"2021-04-17T18:25:17","slug":"zgodbe-rok-iz-krajev","status":"publish","type":"page","link":"https:\/\/www.las-stik.si\/programsko-obdobje-2014-2020\/projekti\/zgodbe-rok-iz-krajev\/","title":{"rendered":"Zgodbe rok iz krajev"},"content":{"rendered":"<p style=\"text-align: center;\"><img loading=\"lazy\" decoding=\"async\" class=\"alignnone wp-image-2274 size-full\" src=\"https:\/\/www.las-stik.si\/programsko-obdobje-2014-2020\/wp-content\/uploads\/2017\/10\/zgodbe_2_navp.240x0.jpg\" alt=\"zgodbe 2 navp.240x0\" width=\"240\" height=\"106\" \/><\/p>\n<blockquote>\n<p style=\"text-align: justify;\">LAS STIK je kot partner pristopil v projekt sodelovanja 11 Lokalnih akcijskih skupin iz Slovenije \u00bbZgodbe rok in krajev\u00ab, ki bo omogo\u010dil rokodelcem aktivno povezovanje in sodelovanje ter njihov skupen nastop na trgu.<\/p>\n<\/blockquote>\n<p style=\"text-align: left;\"><span style=\"text-align: justify;\"><br \/>\nS pridobivanjem potrebnih razli\u010dnih strokovnih znanj in izku\u0161enj, sodelovanjem z oblikovalci za izbolj\u0161anje kvalitete njihovih izdelkov v okviru projekta se bo omogo\u010dilo rokodelcem uspe\u0161nej\u0161i nastop na trgu in s tem tudi izbolj\u0161anje njihovega gospodarskega polo\u017eaja.<\/span><\/p>\n<p style=\"text-align: left;\">Zgodbe rok in krajev so projekt, ki nudi odgovor za izbolj\u0161anje polo\u017eaja slovenskih rokodelcev preko o\u017eivljanja urbanih sredi\u0161\u010d, vklju\u010devanja sodobnega dizajna, kulturnih kreativnih industrij, dodajanja vrednosti turizmu, promociji dru\u017ebene odgovornosti gospodarstva, socialne kohezije, novih delovnih mest, nizko oglji\u010dne dru\u017ebe, krepitve identitete in razvoja urbanih obmo\u010dij.<\/p>\n<p style=\"text-align: left;\"><strong>Namen projekta<\/strong> je ustvariti spodbudno okolje za razvoj rokodelstva v Sloveniji.<\/p>\n<p style=\"text-align: left;\"><strong>Cilji:<\/strong><br \/>\n\u2022 izbolj\u0161anje gospodarskega polo\u017eaja rokodelcev<br \/>\n\u2022 aktivnej\u0161e povezovanje rokodelcev<br \/>\n\u2022 izbolj\u0161anje strokovnih znanj rokodelcev<\/p>\n<p style=\"text-align: left;\"><strong>Rezultati (LAS STIK):<\/strong><br \/>\n\u2022 17 popisanih rokodelcev na obmo\u010dju LAS STIK (na osnovi enotnega vpra\u0161alnika)<br \/>\n\u2022 12 aktivno vklju\u010denih rokodelcev (podpisniki dogovora\/sporazuma o sodelovanju v projektu)<br \/>\n\u2022 4 razviti\/nadgrajeni rokodelski izdelki\/produkti in 1 novi skupni izdelek<br \/>\n\u2022 2 sre\u010danja rokodelcev na obmo\u010dju LAS STIK<br \/>\n\u2022 7 delavnic in seminarjev za izbolj\u0161anje strokovne usposobljenosti rokodelcev<br \/>\n\u2022 5 objav na spletni strani in socialnem omre\u017eju projekta<br \/>\n\u2022 4 vklju\u010dene zgodbe po ob\u010dinah LAS STIK v skupno knjigo Zgodbe rok in krajev<br \/>\n\u2022 2 rokodelski razstavi na obmo\u010dju LAS STIK<br \/>\n\u2022 2 skupna nacionalna promocijska dogodka<\/p>\n<p>&nbsp;<\/p>\n<p style=\"text-align: left;\"><strong>Vodilni partner:<\/strong> LAS Srce Slovenije<\/p>\n<p><strong>Partnerji:<\/strong> LAS Notranjska, LAS Dobro za nas, LAS Dolenjska in Bela Krajina, LAS Med Sne\u017enikom in Nanosom, LAS STIK, LAS Me\u017ei\u0161ke doline, LAS Po poteh dedi\u0161\u010dine od Turjaka do Kolpe, LAS Zasavje, LAS S ciljem, LAS Prlekija<\/p>\n<p style=\"text-align: left;\"><strong>Trajanje projekta:<\/strong> julij 2017- december 2018<\/p>\n<p style=\"text-align: left;\"><strong>Celotna vrednost projekta:<\/strong> 295.902,98 EUR (brez DDV)<\/p>\n<p style=\"text-align: left;\"><strong>Vrednost partnerja LAS STIK:<\/strong> 22.119,26 EUR (brez DDV)<\/p>\n<p>&nbsp;<\/p>\n<p style=\"text-align: left;\"><strong>Izvedene aktivnosti:<\/strong><br \/>\n1. Sodelovanje pri izdelavi knjige Zgodbe rok in krajev<br \/>\n2. Delavnica o poslovnem modelu za rokodelce<br \/>\n3. Organizacija nacionalnega dogodka &#8211; uvodno sre\u010danje<br \/>\n4. Organizacija nacionalnega dogodka &#8211; zaklju\u010dni<br \/>\n5. Popis rokodelcev po ob\u010dinah<br \/>\n6. Obve\u0161\u010danje rokodelcev<br \/>\n7. Sre\u010danja rokodelcev<br \/>\n8. Plan in izvedba 2 razstav<br \/>\n9. Interaktivna delavnice I<br \/>\n10. Interaktivna delavnice II<br \/>\n11. Dodatek k interkativni delavnici I (individualno delo z rokodelci)<br \/>\n12. Seminar o temeljnih kompetencah rokodelcev<br \/>\n13. Komunikacijski temelji &#8211; delavnica 1<br \/>\n14. Promocija in prodaja &#8211; predavanje 1<br \/>\n15. Izbira 4 zgodbe (ena za vsako ob\u010dino v LAS)<br \/>\n16. Razvoj novih izdelkov<br \/>\n17. &#8220;Kri\u017e-kra\u017e&#8221; inovativno soustvarjanje-oblikovanje novih tr\u017enih produktov po posameznih LAS<\/p>\n<p style=\"text-align: left;\">Novice:<br \/>\n<a href=\"https:\/\/www.las-stik.si\/programsko-obdobje-2014-2020\/novice\">https:\/\/www.las-stik.si\/programsko-obdobje-2014-2020\/novice<\/a><\/p>\n<p style=\"text-align: center;\"><a href=\"http:\/\/www.eu-skladi.si\/\" target=\"_blank\" rel=\"noopener\"><img loading=\"lazy\" decoding=\"async\" class=\"alignnone wp-image-2275 size-full\" src=\"https:\/\/www.las-stik.si\/programsko-obdobje-2014-2020\/wp-content\/uploads\/2017\/10\/ESRR.png\" alt=\"ESRR\" width=\"721\" height=\"148\" srcset=\"https:\/\/www.las-stik.si\/programsko-obdobje-2014-2020\/wp-content\/uploads\/2017\/10\/ESRR.png 721w, https:\/\/www.las-stik.si\/programsko-obdobje-2014-2020\/wp-content\/uploads\/2017\/10\/ESRR-300x62.png 300w\" sizes=\"(max-width: 721px) 100vw, 721px\" \/><\/a><br \/>\n\u00bbSofinanciranje s sredstvi EU-Evropskega sklada za regionalni razvoj v vi\u0161ini 14.156,33 EUR\u00ab<\/p>\n","protected":false},"excerpt":{"rendered":"<p>LAS STIK je kot partner pristopil v projekt sodelovanja 11 Lokalnih akcijskih skupin iz Slovenije \u00bbZgodbe rok in krajev\u00ab, ki bo omogo\u010dil rokodelcem aktivno povezovanje in sodelovanje ter njihov skupen nastop na trgu. S pridobivanjem potrebnih razli\u010dnih strokovnih znanj in izku\u0161enj, sodelovanjem z oblikovalci za izbolj\u0161anje kvalitete njihovih izdelkov v okviru projekta se bo omogo\u010dilo&hellip;<\/p>\n","protected":false},"author":1,"featured_media":0,"parent":3253,"menu_order":6,"comment_status":"closed","ping_status":"closed","template":"","meta":{"footnotes":""},"_links":{"self":[{"href":"https:\/\/www.las-stik.si\/programsko-obdobje-2014-2020\/wp-json\/wp\/v2\/pages\/2956"}],"collection":[{"href":"https:\/\/www.las-stik.si\/programsko-obdobje-2014-2020\/wp-json\/wp\/v2\/pages"}],"about":[{"href":"https:\/\/www.las-stik.si\/programsko-obdobje-2014-2020\/wp-json\/wp\/v2\/types\/page"}],"author":[{"embeddable":true,"href":"https:\/\/www.las-stik.si\/programsko-obdobje-2014-2020\/wp-json\/wp\/v2\/users\/1"}],"replies":[{"embeddable":true,"href":"https:\/\/www.las-stik.si\/programsko-obdobje-2014-2020\/wp-json\/wp\/v2\/comments?post=2956"}],"version-history":[{"count":0,"href":"https:\/\/www.las-stik.si\/programsko-obdobje-2014-2020\/wp-json\/wp\/v2\/pages\/2956\/revisions"}],"up":[{"embeddable":true,"href":"https:\/\/www.las-stik.si\/programsko-obdobje-2014-2020\/wp-json\/wp\/v2\/pages\/3253"}],"wp:attachment":[{"href":"https:\/\/www.las-stik.si\/programsko-obdobje-2014-2020\/wp-json\/wp\/v2\/media?parent=2956"}],"curies":[{"name":"wp","href":"https:\/\/api.w.org\/{rel}","templated":true}]}}