{"id":3203,"date":"2021-04-11T12:18:29","date_gmt":"2021-04-11T10:18:29","guid":{"rendered":"https:\/\/mandu.si\/ls\/?page_id=3203"},"modified":"2022-09-26T13:22:51","modified_gmt":"2022-09-26T11:22:51","slug":"kolesarska-veriga-na-podezelju","status":"publish","type":"page","link":"https:\/\/www.las-stik.si\/programsko-obdobje-2014-2020\/projekti\/kolesarska-veriga-na-podezelju\/","title":{"rendered":"Kolesarska veriga na pode\u017eelju"},"content":{"rendered":"<blockquote><p><span style=\"color: #333333;\">Kolesarska veriga na pode\u017eelju\u00ab je projekt sodelovanja dvanajstih slovenskih Lokalnih akcijskih skupin, ki je bil uspe\u0161no prijavljen na 5. javni razpis za podukrep 19.3 Priprava in izvajanje dejavnosti sodelovanja lokalne akcijske skupine Ministrstva za kmetijstvo, gozdarstvo in prehrano.<\/span><\/p><\/blockquote>\n<p><strong>KOLESARSKA VERIGA NA PODE\u017dELJU<\/strong><\/p>\n<p><strong>Trajanje projekta:<\/strong>\u00a0oktober 2020 \u2013 november 2022<\/p>\n<p><strong>Partnerji:<\/strong>\u00a0<strong>LAS Suhe krajine, Temenice in Krke<\/strong>, LAS Gorenjska ko\u0161arica, LAS Lo\u0161kega pogorja, LAS Srce Slovenije, LAS Dolenjska in Bela krajina, LAS V objemu sonca, LAS\u00a0 Vipavska dolina, LAS Gori\u010dko 2020, LAS Pri dobrih ljudeh 2020, LAS Prlekija, LAS Med Sne\u017enikom in Nanosom, LAS Krasa in Brkinov.<\/p>\n<p><u>Partner na obmo\u010dju LAS STIK je<\/u>: <strong>Ob\u010dina Trebnje<\/strong>.<\/p>\n<p><strong>Opis projekta:<\/strong><\/p>\n<p>Projekt je namenjen uvedbi in nadgradnji kolektivnega sistema mno\u017ei\u010dne mobilnosti na obmo\u010dju 12 lokalnih akcijskih skupin in kar 28 ob\u010din v Sloveniji. Z digitalizacijo map, skupno aplikacijo ter aktivnostmi za integracijo z \u017ee obstoje\u010dimi kolesarskimi sistemi v Sloveniji bo trajnostna elektri\u010dna mobilnost dostopna uporabnikom tudi na do sedaj spregledanih obmo\u010djih pode\u017eelja. Aktivnosti bodo pribli\u017eale trajnostno mobilnost in dostopnost do obmo\u010dij tudi ranljivim skupinam.<\/p>\n<p>S certificiranjem kolesarjem prijaznih ponudnikov, izobra\u017eevanjem o uporabi elektri\u010dnih koles ter prenosom dobrih praks med obmo\u010dji LAS se bo zavedanje in ponudba za kolesarje tudi na obmo\u010dju LAS STIK dvignila na vi\u0161jo raven. To bo vplivalo na pove\u010danje trajnostnih oblik kolesarskega turizma, nova delovna mesta in prepoznavnost obmo\u010dja LAS. Ob pove\u010danju dostopnosti do naravnih in kulturnih znamenitosti in novemu do\u017eivljanju le-teh se bo hkrati zmanj\u0161al tudi vpliv na okolje, pove\u010dala raba u\u010dinkovite rabe energije, obnovljivih virov in zni\u017eale emisije CO2. Pripravljena bo tudi \u0161tudija pozitivnih u\u010dinkov operacije in povezava vseh v skupno spletno in mobilno to\u010dko. Skupna promocija bo omogo\u010dila delitev projektnih vsebin med uporabnike.<\/p>\n<p><strong>Cilji projekta:<\/strong><\/p>\n<ul>\n<li>ve\u010dja prepoznavnost kolesarskih poti na obmo\u010dju LAS, tudi z vidika podjetni\u0161ke prilo\u017enosti in inovativne turisti\u010dne ponudbe;<\/li>\n<li>pozitiven vpliv na promocijo in prepoznavnost LAS;<\/li>\n<li>ve\u010dja turisti\u010dna prepoznavnost obmo\u010dja LAS in razvoj turisti\u010dne ponudbe.<\/li>\n<\/ul>\n<p><strong>Aktivnosti projekta:<\/strong><\/p>\n<ul>\n<li>Vodenje in koordinacija projekta;<\/li>\n<li>Izdelava \u0161tudije pozitivnih u\u010dinkov operacije na zdravje, vpliv na prostor, URE in emisije;<\/li>\n<li>Svetovanje pri postopkih javnega naro\u010dila;<\/li>\n<li>Dobava in monta\u017ea opreme za izposojo koles: Vzpostavitev \u0161tirih (4) postavljenih postaj za izposojo koles, ki vklju\u010dujejo elektri\u010dna in navadna kolesa;<\/li>\n<li>Prenos dobrih praks (z vklju\u010denimi ranljivimi skupinami) in pomo\u010d ponudnikom (gostincem) za pridobitev certifikata \u00bbKolesarjem prijazni ponudnik\u00ab;<\/li>\n<li>Promocijske aktivnosti;<\/li>\n<li>Celostna grafi\u010dna podoba ter izdelava promocijskih elementov;<\/li>\n<li>Dogovor vseh sodelujo\u010dih LAS-ov o mo\u017enosti enotne registracije (z enakim uporabni\u0161kim imenom) oz. 1 stopnja integracije na razli\u010dnih obmo\u010djih: Zasnova enotne platforme z enotno uporabni\u0161ko izku\u0161njo, zasnova arhitekture podatkovnih baz, ki omogo\u010dajo za uporabnika nemoteno prehajanje;<\/li>\n<li>Integracija obstoje\u010dih kolesarskih vsebin na mobilni aplikaciji in izdelava spletne strani kot nosilke informacij z obstoje\u010dih digitalnih virov;<\/li>\n<li>Organizacija in izvedba zaklju\u010dnega dogodka: Predvidena je organizacija skupnega dogodka na nacionalni ravni, ki bo predstavil na\u010din uporabe sistema, elektri\u010dnega kolesarstva na splo\u0161no ter ozave\u0161\u010dal o potrebnosti kvalitetne kolesarske infrastrukture na obmo\u010djih operacije.<\/li>\n<\/ul>\n<p><strong>Rezultati projekta:<\/strong><\/p>\n<ul>\n<li>V aktivnosti so vklju\u010dene osebe iz ranljivih skupin (mladi v \u0161olah, \u017eenske, starej\u0161i, brezposelnih);<\/li>\n<li>Izdelana \u0161tudija pozitivnih u\u010dinkov celotne operacije;<\/li>\n<li>Izdelava skupne grafi\u010dne podobe;<\/li>\n<li>Postavljene 4 izposojevalnice koles na obmo\u010dju LAS STIK ;<\/li>\n<li>Izvedena predstavitev dobrih praks ponudnikom za pridobitev certifikata \u00bbkolesarjem prijazni ponudnik\u00ab;<\/li>\n<li>\u00a0Vzpostavljena nadgradnja aplikacije;<\/li>\n<li>\u00a0Integrirani sistemi na enotno platformo z enotno uporabni\u0161ko izku\u0161njo;<\/li>\n<li>\u00a0Izdelava 2 promocijskih filmov, posneta 1 TV oddaja;<\/li>\n<li>\u00a0Izdelan promocijski material, zaklju\u010dni dogodek in izdelana spletna stran;<\/li>\n<li>\u00a0Izmenjava izku\u0161enj, pridobivanje novih znanj ter prenos dobre prakse med obmo\u010dji.<\/li>\n<\/ul>\n<p>&nbsp;<\/p>\n<p><strong>POVEZAVE:<\/strong> Ve\u010d o instrumentu CLLD si lahko preberete na spletni strani Programa razvoja pode\u017eelja:\u00a0<a href=\"https:\/\/www.program-podezelja.si\/sl\/\" target=\"_blank\" rel=\"noopener\">https:\/\/www.program-podezelja.si\/sl\/<\/a>\u00a0in na spletni strani Evropske komisije, namenjene EKSRP:\u00a0<a href=\"https:\/\/ec.europa.eu\/agriculture\/rural-development-2014-2020_sl\" target=\"_blank\" rel=\"noopener\">https:\/\/ec.europa.eu\/agriculture\/rural-development-2014-2020_sl<\/a><\/p>\n<p>&nbsp;<\/p>\n<p><img loading=\"lazy\" decoding=\"async\" class=\"aligncenter wp-image-3682 size-large\" src=\"https:\/\/www.las-stik.si\/programsko-obdobje-2014-2020\/wp-content\/uploads\/2022\/01\/PRP-LEADER-EU-SLO-barvni-1-1024x253.jpg\" alt=\"\" width=\"1024\" height=\"253\" srcset=\"https:\/\/www.las-stik.si\/programsko-obdobje-2014-2020\/wp-content\/uploads\/2022\/01\/PRP-LEADER-EU-SLO-barvni-1-1024x253.jpg 1024w, https:\/\/www.las-stik.si\/programsko-obdobje-2014-2020\/wp-content\/uploads\/2022\/01\/PRP-LEADER-EU-SLO-barvni-1-300x74.jpg 300w, https:\/\/www.las-stik.si\/programsko-obdobje-2014-2020\/wp-content\/uploads\/2022\/01\/PRP-LEADER-EU-SLO-barvni-1-150x37.jpg 150w, https:\/\/www.las-stik.si\/programsko-obdobje-2014-2020\/wp-content\/uploads\/2022\/01\/PRP-LEADER-EU-SLO-barvni-1-768x190.jpg 768w, https:\/\/www.las-stik.si\/programsko-obdobje-2014-2020\/wp-content\/uploads\/2022\/01\/PRP-LEADER-EU-SLO-barvni-1-1536x380.jpg 1536w, https:\/\/www.las-stik.si\/programsko-obdobje-2014-2020\/wp-content\/uploads\/2022\/01\/PRP-LEADER-EU-SLO-barvni-1-2048x507.jpg 2048w\" sizes=\"(max-width: 1024px) 100vw, 1024px\" \/><\/p>\n","protected":false},"excerpt":{"rendered":"<p>Kolesarska veriga na pode\u017eelju\u00ab je projekt sodelovanja dvanajstih slovenskih Lokalnih akcijskih skupin, ki je bil uspe\u0161no prijavljen na 5. javni razpis za podukrep 19.3 Priprava in izvajanje dejavnosti sodelovanja lokalne akcijske skupine Ministrstva za kmetijstvo, gozdarstvo in prehrano. KOLESARSKA VERIGA NA PODE\u017dELJU Trajanje projekta:\u00a0oktober 2020 \u2013 november 2022 Partnerji:\u00a0LAS Suhe krajine, Temenice in Krke, LAS&hellip;<\/p>\n","protected":false},"author":1,"featured_media":0,"parent":3253,"menu_order":6,"comment_status":"closed","ping_status":"closed","template":"","meta":{"footnotes":""},"_links":{"self":[{"href":"https:\/\/www.las-stik.si\/programsko-obdobje-2014-2020\/wp-json\/wp\/v2\/pages\/3203"}],"collection":[{"href":"https:\/\/www.las-stik.si\/programsko-obdobje-2014-2020\/wp-json\/wp\/v2\/pages"}],"about":[{"href":"https:\/\/www.las-stik.si\/programsko-obdobje-2014-2020\/wp-json\/wp\/v2\/types\/page"}],"author":[{"embeddable":true,"href":"https:\/\/www.las-stik.si\/programsko-obdobje-2014-2020\/wp-json\/wp\/v2\/users\/1"}],"replies":[{"embeddable":true,"href":"https:\/\/www.las-stik.si\/programsko-obdobje-2014-2020\/wp-json\/wp\/v2\/comments?post=3203"}],"version-history":[{"count":0,"href":"https:\/\/www.las-stik.si\/programsko-obdobje-2014-2020\/wp-json\/wp\/v2\/pages\/3203\/revisions"}],"up":[{"embeddable":true,"href":"https:\/\/www.las-stik.si\/programsko-obdobje-2014-2020\/wp-json\/wp\/v2\/pages\/3253"}],"wp:attachment":[{"href":"https:\/\/www.las-stik.si\/programsko-obdobje-2014-2020\/wp-json\/wp\/v2\/media?parent=3203"}],"curies":[{"name":"wp","href":"https:\/\/api.w.org\/{rel}","templated":true}]}}